{"id":73,"date":"2024-10-28T18:30:37","date_gmt":"2024-10-28T16:30:37","guid":{"rendered":"http:\/\/poikonen-nas\/wordpress\/?page_id=6"},"modified":"2024-10-28T18:30:37","modified_gmt":"2024-10-28T16:30:37","slug":"tietoja","status":"publish","type":"page","link":"https:\/\/poikoset.hobby-site.org\/?page_id=73","title":{"rendered":"Yhteystietoja"},"content":{"rendered":"\n<h2 class=\"wp-block-heading\">Poikosten sukuseuran toimitsijat 2024\u20132027<\/h2>\n\n\n\n<figure class=\"wp-block-table is-style-stripes\"><table><tbody><tr><td>Kirsti Lepp\u00e4aho, puheenjohtaja&nbsp;<\/td><td>0445465626<\/td><td>kirsti.leppaaho10@gmail.com<\/td><\/tr><tr><td>Taisto Poikonen, varapuheenjohtaja<\/td><td>0456397477<\/td><td>taisto.poikonen@wippies.fi<\/td><\/tr><tr><td>Lauri Koskinen, hj, sihteeri&nbsp;<\/td><td>0503485156<\/td><td>koskinen.lauri@gmail.com<\/td><\/tr><tr><td>Kirsi Poikonen, hj, rahastonhoitaja&nbsp;&nbsp;<\/td><td>0407713816<\/td><td>kirsihe.poikonen@gmail.com<\/td><\/tr><tr><td>Markku M\u00f6tt\u00f6nen, hallituksen j\u00e4sen&nbsp;<\/td><td>0400881747<\/td><td>markku.mottonen@gmail.com<\/td><\/tr><tr><td>Erkki O. Poikonen, hj, j\u00e4senrekisteri&nbsp;<\/td><td>0509112889<\/td><td>eopoik@gmail.com<\/td><\/tr><tr><td>Risto Poikonen, hj, facebook-vastaava&nbsp;<\/td><td>0505772380<\/td><td>risto.poikonen@gmail.com<\/td><\/tr><tr><td>Jarmo Tuimala, hj&nbsp;<\/td><td>040 0159333&nbsp;<\/td><td>jarmo.tuimala@gmail.com<\/td><\/tr><\/tbody><\/table><\/figure>\n\n\n\n<h2 class=\"wp-block-heading\">Varaj\u00e4senet<\/h2>\n\n\n\n<p>Jussi Halttunen, Liisa Neittaanm\u00e4ki, Ossi Poikonen ja Pekka Rasi<\/p>\n","protected":false},"excerpt":{"rendered":"<p>Poikosten sukuseuran toimitsijat 2024\u20132027 Kirsti Lepp\u00e4aho, puheenjohtaja&nbsp; 0445465626 kirsti.leppaaho10@gmail.com Taisto Poikonen, varapuheenjohtaja 0456397477 taisto.poikonen@wippies.fi Lauri Koskinen, hj, sihteeri&nbsp; 0503485156 koskinen.lauri@gmail.com Kirsi Poikonen, hj, rahastonhoitaja&nbsp;&nbsp; 0407713816 kirsihe.poikonen@gmail.com Markku M\u00f6tt\u00f6nen, hallituksen j\u00e4sen&nbsp; 0400881747 markku.mottonen@gmail.com Erkki O. Poikonen, hj, j\u00e4senrekisteri&nbsp; 0509112889 eopoik@gmail.com Risto Poikonen, hj, facebook-vastaava&nbsp; 0505772380 risto.poikonen@gmail.com Jarmo Tuimala, hj&nbsp; 040 0159333&nbsp; jarmo.tuimala@gmail.com Varaj\u00e4senet Jussi Halttunen, Liisa&hellip; <a class=\"more-link\" href=\"https:\/\/poikoset.hobby-site.org\/?page_id=73\">Jatka lukemista <span class=\"screen-reader-text\">Yhteystietoja<\/span><\/a><\/p>\n","protected":false},"author":1,"featured_media":0,"parent":0,"menu_order":0,"comment_status":"closed","ping_status":"closed","template":"","meta":{"footnotes":""},"class_list":["post-73","page","type-page","status-publish","hentry","entry"],"_links":{"self":[{"href":"https:\/\/poikoset.hobby-site.org\/index.php?rest_route=\/wp\/v2\/pages\/73","targetHints":{"allow":["GET"]}}],"collection":[{"href":"https:\/\/poikoset.hobby-site.org\/index.php?rest_route=\/wp\/v2\/pages"}],"about":[{"href":"https:\/\/poikoset.hobby-site.org\/index.php?rest_route=\/wp\/v2\/types\/page"}],"author":[{"embeddable":true,"href":"https:\/\/poikoset.hobby-site.org\/index.php?rest_route=\/wp\/v2\/users\/1"}],"replies":[{"embeddable":true,"href":"https:\/\/poikoset.hobby-site.org\/index.php?rest_route=%2Fwp%2Fv2%2Fcomments&post=73"}],"version-history":[{"count":0,"href":"https:\/\/poikoset.hobby-site.org\/index.php?rest_route=\/wp\/v2\/pages\/73\/revisions"}],"wp:attachment":[{"href":"https:\/\/poikoset.hobby-site.org\/index.php?rest_route=%2Fwp%2Fv2%2Fmedia&parent=73"}],"curies":[{"name":"wp","href":"https:\/\/api.w.org\/{rel}","templated":true}]}}