{"id":37,"date":"2024-10-28T19:42:51","date_gmt":"2024-10-28T17:42:51","guid":{"rendered":"http:\/\/poikonen-nas\/wordpress\/?page_id=37"},"modified":"2025-06-24T22:20:08","modified_gmt":"2025-06-24T19:20:08","slug":"lisatietoa","status":"publish","type":"page","link":"https:\/\/poikoset.hobby-site.org\/?page_id=37","title":{"rendered":"Lis\u00e4tietoa"},"content":{"rendered":"\n<h3 class=\"wp-block-heading\"><strong>T\u00e4ss\u00e4 joukko linkkej\u00e4, jotka liittyv\u00e4t tavalla tai toisella Poikosiin ja sukututkimukseen:<\/strong><\/h3>\n\n\n\n<p><strong><a href=\"http:\/\/www.genealogia.fi\/\">Suomen Sukututkimusseura<\/a><\/strong><\/p>\n\n\n\n<p><strong><a href=\"http:\/\/vesta.narc.fi\/cgi-bin\/db2www\/sotasurmaetusivu\/main?lang=fi\">Vuosina 1914-22 sotaoloissa surmansa saaneiden nimitiedosto<\/a><\/strong><\/p>\n\n\n\n<p><strong><a href=\"http:\/\/kronos.narc.fi\/menehtyneet\/\">Suomen sodissa 1939-1945 menehtyneiden tiedosto<\/a><\/strong><\/p>\n\n\n\n<p><strong><a href=\"http:\/\/hiski.genealogia.fi\/hiski?fi\">Hiski &#8211; historiankirjojen hakuohjelma<\/a><\/strong><\/p>\n\n\n\n<p><strong><a href=\"http:\/\/www.genealogia.fi\/emi\/index.htm\">Siirtolaisuus<\/a><\/strong><\/p>\n\n\n\n<p><strong><a href=\"http:\/\/www.narc.fi\/\">Arkistolaitos<\/a><\/strong><\/p>\n\n\n\n<p><strong><a href=\"http:\/\/www.sukujutut.fi\/\">www.sukujutut.fi<\/a><\/strong><\/p>\n\n\n\n<p><strong><a href=\"http:\/\/www.karstula.fi\/\">Karstulan kunta<\/a><\/strong><\/p>\n\n\n\n<p><strong><a href=\"http:\/\/www.saarijarvi.fi\/\">Saarij\u00e4rven kaupunki<\/a><\/strong><\/p>\n\n\n\n<p><strong><a href=\"http:\/\/www2.6net.fi\/kolunsarka\/\">Kolunsaran sukuseura<\/a><\/strong><\/p>\n\n\n\n<p><strong><a href=\"http:\/\/keisarinsukuseura.fi\/keisarinsuku.html\">Keisarin sukuseura<\/a><\/strong><\/p>\n\n\n\n<p><strong><a href=\"https:\/\/poikonen.hobby-site.org\/poikonen\/poytakirja_yleisesta_kirkonkokouksesta_1860.pdf\">Karstulan kirkonkokouksen p\u00e4\u00e4t\u00f6ksi\u00e4 1860<\/a><\/strong><\/p>\n\n\n\n<p><strong><a href=\"https:\/\/poikonen.hobby-site.org\/poikonen\/kirsti_paakkanen_2004.pdf\">Kirsti Paakkasen haastattelu 2004<\/a><\/strong><\/p>\n\n\n\n<p><a href=\"https:\/\/poikonen.hobby-site.org\/poikonen\/pekkanen.html\"><strong>Pekkasten sukutaulu<\/strong><\/a><\/p>\n\n\n\n<p><\/p>\n","protected":false},"excerpt":{"rendered":"<p>T\u00e4ss\u00e4 joukko linkkej\u00e4, jotka liittyv\u00e4t tavalla tai toisella Poikosiin ja sukututkimukseen: Suomen Sukututkimusseura Vuosina 1914-22 sotaoloissa surmansa saaneiden nimitiedosto Suomen sodissa 1939-1945 menehtyneiden tiedosto Hiski &#8211; historiankirjojen hakuohjelma Siirtolaisuus Arkistolaitos www.sukujutut.fi Karstulan kunta Saarij\u00e4rven kaupunki Kolunsaran sukuseura Keisarin sukuseura Karstulan kirkonkokouksen p\u00e4\u00e4t\u00f6ksi\u00e4 1860 Kirsti Paakkasen haastattelu 2004 Pekkasten sukutaulu<\/p>\n","protected":false},"author":1,"featured_media":0,"parent":0,"menu_order":0,"comment_status":"closed","ping_status":"closed","template":"","meta":{"footnotes":""},"class_list":["post-37","page","type-page","status-publish","hentry","entry"],"_links":{"self":[{"href":"https:\/\/poikoset.hobby-site.org\/index.php?rest_route=\/wp\/v2\/pages\/37","targetHints":{"allow":["GET"]}}],"collection":[{"href":"https:\/\/poikoset.hobby-site.org\/index.php?rest_route=\/wp\/v2\/pages"}],"about":[{"href":"https:\/\/poikoset.hobby-site.org\/index.php?rest_route=\/wp\/v2\/types\/page"}],"author":[{"embeddable":true,"href":"https:\/\/poikoset.hobby-site.org\/index.php?rest_route=\/wp\/v2\/users\/1"}],"replies":[{"embeddable":true,"href":"https:\/\/poikoset.hobby-site.org\/index.php?rest_route=%2Fwp%2Fv2%2Fcomments&post=37"}],"version-history":[{"count":2,"href":"https:\/\/poikoset.hobby-site.org\/index.php?rest_route=\/wp\/v2\/pages\/37\/revisions"}],"predecessor-version":[{"id":107,"href":"https:\/\/poikoset.hobby-site.org\/index.php?rest_route=\/wp\/v2\/pages\/37\/revisions\/107"}],"wp:attachment":[{"href":"https:\/\/poikoset.hobby-site.org\/index.php?rest_route=%2Fwp%2Fv2%2Fmedia&parent=37"}],"curies":[{"name":"wp","href":"https:\/\/api.w.org\/{rel}","templated":true}]}}