{"id":34,"date":"2024-10-28T19:39:32","date_gmt":"2024-10-28T17:39:32","guid":{"rendered":"http:\/\/poikonen-nas\/wordpress\/?page_id=34"},"modified":"2024-10-28T19:39:32","modified_gmt":"2024-10-28T17:39:32","slug":"kartat","status":"publish","type":"page","link":"https:\/\/poikoset.hobby-site.org\/?page_id=34","title":{"rendered":"Kartat"},"content":{"rendered":"\n<p><a href=\"http:\/\/poikostenkuvat.1g.fi\/kuvat\/Karstulan+vanhat+kartat\/DSCF0490Aho-VastinkiaOIK2.jpg\">Aho-Vastinki eli Kalavastinkia 1846&nbsp;<\/a>&nbsp;&nbsp;&nbsp;<br><a href=\"http:\/\/poikostenkuvat.1g.fi\/kuvat\/Karstulan+vanhat+kartat\/DSCF0489KarstulaaC.jpg\">Karstulasta it\u00e4\u00e4n 1846<\/a>&nbsp;&nbsp;<br><a href=\"http:\/\/poikostenkuvat.1g.fi\/kuvat\/Karstulan+vanhat+kartat\/DSCF0499PaajarviPoukanlampi.jpg\">Karstula By kaakkoon 1846<\/a>&nbsp;&nbsp;&nbsp;&nbsp;<br><a href=\"http:\/\/poikostenkuvat.1g.fi\/kuvat\/Karstulan+vanhat+kartat\/DSCF0493yl%C3%A4kulma.jpg\">Iso Viivaj\u00e4rvi 1846<\/a>&nbsp;&nbsp;&nbsp;<br><a href=\"http:\/\/poikostenkuvat.1g.fi\/kuvat\/Karstulan+vanhat+kartat\/DSCF0493alareuna.jpg\">Lylyj\u00e4rvi 1846<\/a>&nbsp;&nbsp;&nbsp;&nbsp;<br><a href=\"http:\/\/poikostenkuvat.1g.fi\/kuvat\/Karstulan+vanhat+kartat\/DSCF0492_2244.jpg\">Ristij\u00e4rvi 1846<\/a>&nbsp;&nbsp;&nbsp;<br><a href=\"http:\/\/poikostenkuvat.1g.fi\/kuvat\/Karstulan+vanhat+kartat\/DSCF0497Hirvij%C3%A4rvi.jpg\">Hirvij\u00e4rvi 1846<\/a>&nbsp;&nbsp;&nbsp;<br><a href=\"http:\/\/poikostenkuvat.1g.fi\/kuvat\/Karstulan+vanhat+kartat\/DSCF0498.jpg\">Palokangas Pohjosm\u00e4ki 1846<\/a>&nbsp;&nbsp;&nbsp;<br><a href=\"http:\/\/poikostenkuvat.1g.fi\/kuvat\/Karstulan+vanhat+kartat\/DSCF0499PaajarviPoukanlampi.jpg\">Korpij\u00e4rvi Hevosm\u00e4ki 1846<\/a>&nbsp;&nbsp;&nbsp;<br><a href=\"http:\/\/poikostenkuvat.1g.fi\/kuvat\/Karstulan+vanhat+kartat\/DSCF0500b.jpg\">Kara-aho Taikkom\u00e4ki 1846<\/a><br><a href=\"http:\/\/poikostenkuvat.1g.fi\/kuvat\/Karstulan+vanhat+kartat\/KARTTA_KARSTULA_Ruukki.jpg\">Rautaruukki 1846<\/a><br><a href=\"http:\/\/poikostenkuvat.1g.fi\/kuvat\/Karstulan%20vanhat%20kartat\/KARTTA_KARSTULA_Paajarvi.jpg\">Luoteis-P\u00e4\u00e4j\u00e4rvi 1846<\/a><br><a href=\"http:\/\/poikostenkuvat.1g.fi\/kuvat\/Karstulan+vanhat+kartat\/KARTTA_KARSTULA_KIMINGINJARVI.jpg\">Kiminginj\u00e4rvi 1846<\/a><br><a href=\"http:\/\/poikostenkuvat.1g.fi\/kuvat\/Karstulan%20vanhat%20kartat\/KARTTA_KARSTULA_Kiimingin_kyla_laaja.jpg\">Laikanlahti ja Kiminginkyl\u00e4 1846<\/a><br><a href=\"http:\/\/poikostenkuvat.1g.fi\/kuvat\/Karstulan%20vanhat%20kartat\/KARTTA_KARSTULA_Kangasaho.jpg\">Kangasaho 1846<\/a><br><a href=\"http:\/\/poikostenkuvat.1g.fi\/kuvat\/Karstulan%20vanhat%20kartat\/DSCF0498.jpg\">Paloaho Pohjosm\u00e4ki 1846<\/a><br><a href=\"http:\/\/poikostenkuvat.1g.fi\/kuvat\/Karstulan%20vanhat%20kartat\/DSCF0496L%F6yt%E4l%E4nymp.jpg\">Vehkam\u00e4ki Ristij\u00e4rvi Syrj\u00e4nm\u00e4ke\u00e4 1846<\/a><br><a href=\"http:\/\/poikostenkuvat.1g.fi\/kuvat\/Karstulan%20vanhat%20kartat\/DSCF0490Aho-VastinkiaOIK2.jpg\">Ristij\u00e4rvi L\u00f6yt\u00e4l\u00e4 Enoj\u00e4rvi 1846<\/a><br><a href=\"http:\/\/poikostenkuvat.1g.fi\/kuvat\/Karstulan%20vanhat%20kartat\/DSCF0499PaajarviPoukanlampi.jpg\">Poikolasta Lehm\u00e4aholle 1846<\/a><br><a href=\"http:\/\/poikostenkuvat.1g.fi\/kuvat\/Karstulan%20vanhat%20kartat\/KARTTA_KARSTULA_KIMINKI.jpg\">Kiminginjoesta l\u00e4nteen 1846<\/a><br><a href=\"http:\/\/poikostenkuvat.1g.fi\/kuvat\/Karstulan+vanhat+kartat\/KARTTA_KARSTULA_luoteis.jpg\">Vahankaa 1846<\/a><br><br><a href=\"http:\/\/poikostenkuvat.1g.fi\/kuvat\/Karstulan+vanhat+kartat\/Kartta24B1920.jpg\">Karstula 1920<\/a><br><a href=\"http:\/\/poikostenkuvat.1g.fi\/kuvat\/Karstulan+vanhat+kartat\/Kartta25A1920.jpg\">Karstula Saarij\u00e4rvi 1920<\/a><br><a href=\"http:\/\/poikostenkuvat.1g.fi\/kuvat\/Karstulan+vanhat+kartat\/SaarijKarst1799w.jpg\">Karstula Saarij\u00e4rvi \u00c4\u00e4nekoski 1799<\/a>&nbsp;<br><br>&nbsp;<\/p>\n\n\n\n<p><strong><em>P\u00e4ivitetty 24.4.2010<\/em><\/strong><\/p>\n","protected":false},"excerpt":{"rendered":"<p>Aho-Vastinki eli Kalavastinkia 1846&nbsp;&nbsp;&nbsp;&nbsp;Karstulasta it\u00e4\u00e4n 1846&nbsp;&nbsp;Karstula By kaakkoon 1846&nbsp;&nbsp;&nbsp;&nbsp;Iso Viivaj\u00e4rvi 1846&nbsp;&nbsp;&nbsp;Lylyj\u00e4rvi 1846&nbsp;&nbsp;&nbsp;&nbsp;Ristij\u00e4rvi 1846&nbsp;&nbsp;&nbsp;Hirvij\u00e4rvi 1846&nbsp;&nbsp;&nbsp;Palokangas Pohjosm\u00e4ki 1846&nbsp;&nbsp;&nbsp;Korpij\u00e4rvi Hevosm\u00e4ki 1846&nbsp;&nbsp;&nbsp;Kara-aho Taikkom\u00e4ki 1846Rautaruukki 1846Luoteis-P\u00e4\u00e4j\u00e4rvi 1846Kiminginj\u00e4rvi 1846Laikanlahti ja Kiminginkyl\u00e4 1846Kangasaho 1846Paloaho Pohjosm\u00e4ki 1846Vehkam\u00e4ki Ristij\u00e4rvi Syrj\u00e4nm\u00e4ke\u00e4 1846Ristij\u00e4rvi L\u00f6yt\u00e4l\u00e4 Enoj\u00e4rvi 1846Poikolasta Lehm\u00e4aholle 1846Kiminginjoesta l\u00e4nteen 1846Vahankaa 1846 Karstula 1920Karstula Saarij\u00e4rvi 1920Karstula Saarij\u00e4rvi \u00c4\u00e4nekoski 1799&nbsp; &nbsp; P\u00e4ivitetty 24.4.2010<\/p>\n","protected":false},"author":1,"featured_media":0,"parent":0,"menu_order":0,"comment_status":"closed","ping_status":"closed","template":"","meta":{"footnotes":""},"class_list":["post-34","page","type-page","status-publish","hentry","entry"],"_links":{"self":[{"href":"https:\/\/poikoset.hobby-site.org\/index.php?rest_route=\/wp\/v2\/pages\/34","targetHints":{"allow":["GET"]}}],"collection":[{"href":"https:\/\/poikoset.hobby-site.org\/index.php?rest_route=\/wp\/v2\/pages"}],"about":[{"href":"https:\/\/poikoset.hobby-site.org\/index.php?rest_route=\/wp\/v2\/types\/page"}],"author":[{"embeddable":true,"href":"https:\/\/poikoset.hobby-site.org\/index.php?rest_route=\/wp\/v2\/users\/1"}],"replies":[{"embeddable":true,"href":"https:\/\/poikoset.hobby-site.org\/index.php?rest_route=%2Fwp%2Fv2%2Fcomments&post=34"}],"version-history":[{"count":0,"href":"https:\/\/poikoset.hobby-site.org\/index.php?rest_route=\/wp\/v2\/pages\/34\/revisions"}],"wp:attachment":[{"href":"https:\/\/poikoset.hobby-site.org\/index.php?rest_route=%2Fwp%2Fv2%2Fmedia&parent=34"}],"curies":[{"name":"wp","href":"https:\/\/api.w.org\/{rel}","templated":true}]}}