{"id":27,"date":"2024-10-28T19:25:22","date_gmt":"2024-10-28T17:25:22","guid":{"rendered":"http:\/\/poikonen-nas\/wordpress\/?page_id=27"},"modified":"2025-06-24T22:25:06","modified_gmt":"2025-06-24T19:25:06","slug":"sukutietoa","status":"publish","type":"page","link":"https:\/\/poikoset.hobby-site.org\/?page_id=27","title":{"rendered":"Sukutietoa"},"content":{"rendered":"\n<p><strong>(Arkisto-osan p\u00e4ivitysaika suluissa)<\/strong><\/p>\n\n\n\n<p><strong><em><a href=\"https:\/\/poikonen.hobby-site.org\/poikonen\/072_mikko_poikoinen_1570.png\">KAAVIO POIKOSTEN ESI-IS\u00c4ST\u00c4 ALKAEN 1570<\/a>&nbsp;(5.5.2013)<\/em><\/strong><\/p>\n\n\n\n<p><strong><em><a href=\"https:\/\/poikonen.hobby-site.org\/poikonen\/junnon_esivanhemmat.pdf\">98 Juho Poikosen 1788 (Junno) esivanhemmat<\/a>&nbsp;(14.11.2016)<\/em><\/strong><\/p>\n\n\n\n<p><strong><em><a href=\"https:\/\/poikonen.hobby-site.org\/poikonen\/anna_loviisan_esivanhemmat.pdf\">109 Anna Loviisa Krook 1802 (Junnon&nbsp;puoliso)esivanhemmat<\/a>&nbsp;(15.11.2016)<\/em><\/strong><\/p>\n\n\n\n<p><strong><em><a href=\"https:\/\/poikonen.hobby-site.org\/poikonen\/hoitoatp\/5432_Simon_Krookin_1595_jalkelaisia.htm\">5432 Simon Krookin 1595 j\u00e4lkel\u00e4iset<\/a>&nbsp;(7.11.2016)<\/em><\/strong><\/p>\n\n\n\n<p><strong><em><a href=\"https:\/\/poikonen.hobby-site.org\/poikonen\/5432SimonKrook1595_10sukup.htm\">5432 Simon Krookin 1595 j\u00e4lkel\u00e4isi\u00e4 10 sukupolvea<\/a>&nbsp;(14.11.2016)<\/em><\/strong><\/p>\n\n\n\n<p><strong><em><a href=\"https:\/\/poikonen.hobby-site.org\/poikonen\/hoitoatp\/66_juho_juhonpoika_1743_syrjanmaki.htm\">66 Juho Juhonpoika 1743 Syrj\u00e4nm\u00e4en haara<\/a>&nbsp;(10.11.2016)<\/em><\/strong><\/p>\n\n\n\n<p><strong><em><a href=\"https:\/\/poikonen.hobby-site.org\/poikonen\/hoitoatp\/90_maria_poikonen_1785.htm\">90 Maria Poikonen 1785 R\u00f6nnien haara<\/a>&nbsp;(10.11.2016)<\/em><\/strong><\/p>\n\n\n\n<p><strong><em><a href=\"https:\/\/poikonen.hobby-site.org\/poikonen\/090_ronn-ruuska_maija_poikonen_1785.png\">KAAVIO R\u00d6NN-RUUSKA Maija Poikonen 1785<\/a>&nbsp;(11.5.2013)<\/em><\/strong><\/p>\n\n\n\n<p><strong><em><a href=\"https:\/\/poikonen.hobby-site.org\/poikonen\/066_juho_poikonen_1743.png\">KAAVIO SYRJ\u00c4NM\u00c4KI UUDISTILA Juho Poikonen 1743<\/a>&nbsp;(5.5.2013)<\/em><\/strong><\/p>\n\n\n\n<p><strong><em><a href=\"https:\/\/poikonen.hobby-site.org\/poikonen\/066_c_syrjanmaki_riitta_kalm_1811.png\">KAAVIO SYRJ\u00c4NM\u00c4KI Riitta Kalm 1811<\/a>&nbsp;(5.5.2013)<\/em><\/strong><\/p>\n\n\n\n<p><strong><em><a href=\"https:\/\/poikonen.hobby-site.org\/poikonen\/066_b_syrjanmaki_juho_poikonen_1775.png\">KAAVIO SYRJ\u00c4NM\u00c4KI Juho Poikonen 1775<\/a>&nbsp;(5.5.2013)<\/em><\/strong><\/p>\n\n\n\n<p><strong><em><a href=\"https:\/\/poikonen.hobby-site.org\/poikonen\/764_ulla_poikonen_1814.png\">KAAVIO SYRJ\u00c4NM\u00c4KI TYTT\u00c4RI\u00c4 Ulla Poikonen 1814<\/a>&nbsp;(5.5.2013)<\/em><\/strong><\/p>\n\n\n\n<p><strong><em><a href=\"https:\/\/poikonen.hobby-site.org\/poikonen\/776_elias_poikonen%201853.png\">KAAVIO SYRJ\u00c4NM\u00c4KI POIKOLA Elias Poikonen 1853<\/a>&nbsp;(11.5.2013)<\/em><\/strong><\/p>\n\n\n\n<p><strong><em><a href=\"https:\/\/poikonen.hobby-site.org\/poikonen\/762_anna_greta_krook_1808.png\">KAAVIO SYRJ\u00c4NM\u00c4KI Greta Krook 1808<\/a>&nbsp;(11.5.2013)<\/em><\/strong><\/p>\n\n\n\n<p><strong><em><a href=\"https:\/\/poikonen.hobby-site.org\/poikonen\/hoitoatp\/98_junno_1788_humpin-haara.htm\">98 Juho (Junno) Poikonen 1788 Humpin haara<\/a>&nbsp;(7.11.2016)<\/em><\/strong><\/p>\n\n\n\n<p><strong><em><a href=\"https:\/\/poikonen.hobby-site.org\/poikonen\/98_Johan_Poikonen_1788.png\">KAAVIO HUMPINNIEMEN &#8221;JUNNO&#8221; 1788<\/a>&nbsp;(5.5.2013)<\/em><\/strong><\/p>\n\n\n\n<p><strong><em><a href=\"https:\/\/poikonen.hobby-site.org\/poikonen\/390_edla_lampinen_1873.png\">KAAVIO Edla Lampinen 1873<\/a>&nbsp;(5.5.2013)<\/em><\/strong><\/p>\n\n\n\n<p><strong><em><a href=\"https:\/\/poikonen.hobby-site.org\/poikonen\/112_anna_poikonen_1826.png\">KAAVIO PITK\u00c4NEN PITK\u00c4SUO Anna Poikonen 1826<\/a>&nbsp;(5.5.2013)<\/em><\/strong><\/p>\n\n\n\n<p><strong><em><a href=\"https:\/\/poikonen.hobby-site.org\/poikonen\/2830_pitkanen-pitka-aho_jalmari_1893.png\">KAAVIO PITK\u00c4NEN PITK\u00c4AHO Jalmari 1893<\/a>&nbsp;(11.5.2013)<\/em><\/strong><\/p>\n\n\n\n<p><strong><em><a href=\"https:\/\/poikonen.hobby-site.org\/poikonen\/114_pyhamaki-nuukanmaki_matti_poikonen_1829.png\">KAAVIO PYH\u00c4M\u00c4KI-NUUKANM\u00c4KI Matti Poikonen 1829<\/a>&nbsp;(11.5.2013)<\/em><\/strong><\/p>\n\n\n\n<p><strong><em><a href=\"https:\/\/poikonen.hobby-site.org\/poikonen\/115_nevala_antti_poikonen_1830.png\">KAAVIO NEVALA Antti Poikonen 1830<\/a>&nbsp;(11.5.2013)<\/em><\/strong><\/p>\n\n\n\n<p><strong><em><a href=\"https:\/\/poikonen.hobby-site.org\/poikonen\/116_kaisa_poikonen_1833.png\">KAAVIO NEITTAANM\u00c4KI 1 Kaisa Poikonen 1833<\/a>&nbsp;(5.5.2013)<\/em><\/strong><\/p>\n\n\n\n<p><strong><em><a href=\"https:\/\/poikonen.hobby-site.org\/poikonen\/279_neittaanmaki-2_selma_neittaanmaki_1873.png\">KAAVIO NEITTAANM\u00c4KI 2 Selma Neittaanm\u00e4ki 1873<\/a>&nbsp;(11.5.2013)<\/em><\/strong><\/p>\n\n\n\n<p><strong><em><a href=\"https:\/\/poikonen.hobby-site.org\/poikonen\/117_kivijarvi_heikki_poikonen_1835.png\">KAAVIO KIVIJ\u00c4RVI Heikki Poikonen 1835<\/a>&nbsp;(11.5.2013)<\/em><\/strong><\/p>\n\n\n\n<p><strong><em><a href=\"https:\/\/poikonen.hobby-site.org\/poikonen\/120_konttila_elias_poikonen_1840.png\">KAAVIO KONTTILA ELIAS Poikonen 1840<\/a>&nbsp;(5.5.2013)<\/em><\/strong><\/p>\n\n\n\n<p><strong><em><a href=\"https:\/\/poikonen.hobby-site.org\/poikonen\/122_kalle_poikonen_1843.png\">KAAVIO KONTTILA KALLE Poikonen 1843<\/a>&nbsp;(5.5.2013)<\/em><\/strong><\/p>\n\n\n\n<p><strong><em><a href=\"https:\/\/poikonen.hobby-site.org\/poikonen\/394_herman_vertti_viinu.png\">KAAVIO HERMAN VERTTI ja VIINU Poikonen<\/a>&nbsp;(5.5.2013)<\/em><\/strong><\/p>\n\n\n\n<p><strong><em><a href=\"https:\/\/poikonen.hobby-site.org\/poikonen\/128_antti_poikonen_1851.png\">KAAVIO KUOPPALA SIPOO Antti Poikonen 1851<\/a>&nbsp;(5.5.2013)<\/em><\/strong><\/p>\n\n\n\n<p><strong><em><a href=\"https:\/\/poikonen.hobby-site.org\/poikonen\/2010_toholampi-kuoppala_olga_poikonen_1878.png\">KAAVIO TOHOLAMPI-KUOPPALA Olga Poikonen 1878<\/a>&nbsp;(11.5.2013)<\/em><\/strong><\/p>\n\n\n\n<p><strong><em><a href=\"https:\/\/poikonen.hobby-site.org\/poikonen\/hoitoatp\/4_juho_poikonen_1781_hevosmaki.htm\">4 Juho Heikinpojan 1781 Hevosahon haara<\/a>&nbsp;(10.11.2016)<\/em><\/strong><\/p>\n\n\n\n<p><strong><em><a href=\"https:\/\/poikonen.hobby-site.org\/poikonen\/001_heikki_poikonen_1745.png\">KAAVIO HEVOSAHO Heikki Poikonen 1745<\/a>&nbsp;(5.5.2013)<\/em><\/strong><\/p>\n\n\n\n<p><strong><em><a href=\"https:\/\/poikonen.hobby-site.org\/poikonen\/003_hevosmaki_anna_poikonen_1784.png\">KAAVIO HEVOSM\u00c4KI Anna Poikonen 1784<\/a>&nbsp;(11.5.2013)<\/em><\/strong><\/p>\n\n\n\n<p><strong><em><a href=\"https:\/\/poikonen.hobby-site.org\/poikonen\/4021_hevosmaki_pitkansuonmaki_cristina_poikonen_1846.png\">KAAVIO HEVOSM\u00c4KI PITK\u00c4NSUONM\u00c4KI Cristina Poikonen 1846<\/a>&nbsp;(11.5.2013)<\/em><\/strong><\/p>\n\n\n\n<p><strong><em><a href=\"https:\/\/poikonen.hobby-site.org\/poikonen\/hoitoatp\/91_antti_mikonp_1709_laika.htm\">91 Antti Poikonen 1709 Laikan haara<\/a>&nbsp;(10.11.2016)<\/em><\/strong><\/p>\n\n\n\n<p><strong><em><a href=\"https:\/\/poikonen.hobby-site.org\/poikonen\/091_antti_poikonen_1709.png\">KAAVIO LAIKKA PELTONIEMI Antti Poikonen 1709<\/a>&nbsp;(5.5.2013)<\/em><\/strong><\/p>\n\n\n\n<p><strong><em><a href=\"https:\/\/poikonen.hobby-site.org\/poikonen\/2525_kustaa_poikonen_1818.png\">KAAVIO LAIKKA KALTILA Kustaa Poikonen 1818<\/a>&nbsp;(11.5.2013)<\/em><\/strong><\/p>\n\n\n\n<p><strong><em><a href=\"https:\/\/poikonen.hobby-site.org\/poikonen\/hoitoatp\/79_mikko_mikonpoika_1704_parantala.htm\">79 Mikko Poikonen 1704 Parantalan haara<\/a>&nbsp;(10.11.2016)<\/em><\/strong><\/p>\n\n\n\n<p><strong><em><a href=\"https:\/\/poikonen.hobby-site.org\/poikonen\/079_mikko_poikonen_1704.png\">KAAVIO MUSTANIEMI ja LAIKKA Mikko Poikonen 1704<\/a>&nbsp;(5.5.2013)<\/em><\/strong><\/p>\n\n\n\n<p><strong><em><a href=\"https:\/\/poikonen.hobby-site.org\/poikonen\/896_mustaniemi-vanhala_kaarina_poikonen_1743.png\">KAAVIO MUSTANIEMI-VANHALA Kaarina Poikonen 1743<\/a>&nbsp;(11.5.2013)<\/em><\/strong><\/p>\n\n\n\n<p><strong><em><a href=\"https:\/\/poikonen.hobby-site.org\/poikonen\/898_mustaniemi-muhonen_margeta_poikonen_1748.png\">KAAVIO MUSTANIEMI-MUHONEN Margeta Poikonen 1748<\/a>&nbsp;(11.5.2013)<\/em><\/strong><\/p>\n\n\n\n<p><strong><em><a href=\"https:\/\/poikonen.hobby-site.org\/poikonen\/910_mustaniemi-parantala_jooseppi_poikonen_1823.png\">KAAVIO MUSTANIEMI-PARANTALA Jooseppi Poikonen 1823<\/a>&nbsp;(11.5.2013)<\/em><\/strong><\/p>\n\n\n\n<p><strong><em><a href=\"https:\/\/poikonen.hobby-site.org\/poikonen\/5006_mustaniemi-korpela_ida_ahonen_1845.png\">KAAVIO MUSTANIEMI-KORPELA Ida Maria Korpela 1845<\/a>&nbsp;(11.5.2013)<\/em><\/strong><\/p>\n\n\n\n<p><strong><em><a href=\"https:\/\/poikonen.hobby-site.org\/poikonen\/hoitoatp\/7398_erkki_rasi_1786.htm\">7398 Erkki Rasi 1786 Rasien haara<\/a>&nbsp;(7.11.2016)<\/em><\/strong><\/p>\n\n\n\n<p><strong><em><a href=\"https:\/\/poikonen.hobby-site.org\/poikonen\/119_heta_poikonen_1839.png\">KAAVIO RASIT USA Heta Poikonen 1839<\/a>&nbsp;(5.5.2013)<\/em><\/strong><\/p>\n\n\n\n<p><strong><em><a href=\"https:\/\/poikonen.hobby-site.org\/poikonen\/1291_mestari_rasi_1868.png\">KAAVIO MESTARI RASI Juho 1868<\/a>&nbsp;(11.5.2013)<\/em><\/strong><\/p>\n\n\n\n<p><strong><em><a href=\"https:\/\/poikonen.hobby-site.org\/poikonen\/1292_rasit-perala_maria_rasi_1871.png\">KAAVIO RASIT-PER\u00c4L\u00c4 Maria Rasi 1871<\/a>&nbsp;(11.5.2013)<\/em><\/strong><\/p>\n\n\n\n<p><strong><em><a href=\"https:\/\/poikonen.hobby-site.org\/poikonen\/3746_rasit-humppi_aaro_rasi_1909.png\">KAAVIO RASIT-HUMPPI Aaro Rasi 1909<\/a>&nbsp;(11.5.2013)<\/em><\/strong><\/p>\n\n\n\n<p><strong><em><a href=\"https:\/\/poikonen.hobby-site.org\/poikonen\/hoitoatp\/88_antti_junnonveli_1793_jalkelaiset.htm\">88 Antti Poikonen 1793 Luksanniemen haara<\/a>&nbsp;(10.11.2016)<\/em><\/strong><\/p>\n\n\n\n<p><strong><em><a href=\"https:\/\/poikonen.hobby-site.org\/poikonen\/088_antti_poikonen_1793.png\">KAAVIO LUKSANNIEMI KARHINKANGAS Antti Poikonen 1793<\/a>&nbsp;(5.5.2013)<\/em><\/strong><\/p>\n\n\n\n<p><strong><em><a href=\"https:\/\/poikonen.hobby-site.org\/poikonen\/572_luksanniemi-pohjosmaki_joonas_poikonen_1827.png\">KAAVIO LUKSANNIEMI POHJOSM\u00c4KI Joonas Poikonen 1827<\/a>&nbsp;(11.5.2013)<\/em><\/strong><\/p>\n\n\n\n<p><strong><em><a href=\"https:\/\/poikonen.hobby-site.org\/poikonen\/hoitoatp\/912_anna_juhontytar1741jalkelaiset.htm\">912 Anna&nbsp;Glad&nbsp;os. Poikonen 1741 j\u00e4lkel\u00e4isi\u00e4<\/a>&nbsp;(10.11.2016)<\/em><\/strong><\/p>\n\n\n\n<p><strong><em><a href=\"https:\/\/poikonen.hobby-site.org\/poikonen\/912_glad_anna_poikonen_1741.png\">KAAVIO GLAD Anna Poikonen 1741<\/a>&nbsp;(11.5.2013)<\/em><\/strong><\/p>\n\n\n\n<p><strong><em><a href=\"https:\/\/poikonen.hobby-site.org\/poikonen\/11387_%20glad%20_stina_lahteinen_1810.png\">KAAVIO GLAD LAMMINM\u00c4KI Stina L\u00e4hteinen 1810<\/a>&nbsp;(11.5.2013)<\/em><\/strong><\/p>\n\n\n\n<p><strong><em><a href=\"https:\/\/poikonen.hobby-site.org\/poikonen\/10678_%20glad%20_maths_lahteinen_1806.png\">KAAVIO GLAD L\u00c4HTEENM\u00c4KI Maths L\u00e4hteinen 1806<\/a>&nbsp;(11.5.2013)<\/em><\/strong><\/p>\n\n\n\n<p><strong><em><a href=\"https:\/\/poikonen.hobby-site.org\/poikonen\/3509_glad_matts_somppi_1844.png\">KAAVIO GLAD SOMPPI Matts Somppi 1844<\/a>&nbsp;(11.5.2013)<\/em><\/strong><\/p>\n\n\n\n<p><strong><em><a href=\"https:\/\/poikonen.hobby-site.org\/poikonen\/3514_glad_elias_somppi_1855.png\">KAAVIO GLAD SOMPPI VEISTOLA Elias Somppi 1855<\/a>&nbsp;(11.5.2013)<\/em><\/strong><\/p>\n\n\n\n<p><strong><em><a href=\"https:\/\/poikonen.hobby-site.org\/poikonen\/hoitoatp\/20306_paavali_muhonen_1530.htm\">20306 Paavali Muhosen 1530 j\u00e4lkel\u00e4iset<\/a>&nbsp;(31.10.2016)<\/em><\/strong><\/p>\n\n\n\n<p><strong><em><a href=\"https:\/\/poikonen.hobby-site.org\/poikonen\/hoitoatp\/4519_Laurentius_Jentze_1526.htm\">4519 Laurentius J\u00e4ntin 1526 j\u00e4lkel\u00e4iset<\/a>&nbsp;(8.11.2016)<\/em><\/strong><\/p>\n\n\n\n<p><strong><em><a href=\"https:\/\/poikonen.hobby-site.org\/poikonen\/hoitoatp\/67_Poikonen-Rasi%20family_1700.htm\">Poikonen &#8211; Rasi Family&nbsp;<\/a>(Now 10. 2016)<\/em><\/strong><\/p>\n\n\n\n<p><a href=\"https:\/\/poikonen.hobby-site.org\/poikonen\/pekkanen.html\"><strong>Pekkasten sukutaulu<\/strong><\/a><\/p>\n\n\n\n<p><\/p>\n","protected":false},"excerpt":{"rendered":"<p>(Arkisto-osan p\u00e4ivitysaika suluissa) KAAVIO POIKOSTEN ESI-IS\u00c4ST\u00c4 ALKAEN 1570&nbsp;(5.5.2013) 98 Juho Poikosen 1788 (Junno) esivanhemmat&nbsp;(14.11.2016) 109 Anna Loviisa Krook 1802 (Junnon&nbsp;puoliso)esivanhemmat&nbsp;(15.11.2016) 5432 Simon Krookin 1595 j\u00e4lkel\u00e4iset&nbsp;(7.11.2016) 5432 Simon Krookin 1595 j\u00e4lkel\u00e4isi\u00e4 10 sukupolvea&nbsp;(14.11.2016) 66 Juho Juhonpoika 1743 Syrj\u00e4nm\u00e4en haara&nbsp;(10.11.2016) 90 Maria Poikonen 1785 R\u00f6nnien haara&nbsp;(10.11.2016) KAAVIO R\u00d6NN-RUUSKA Maija Poikonen 1785&nbsp;(11.5.2013) KAAVIO SYRJ\u00c4NM\u00c4KI UUDISTILA Juho Poikonen 1743&nbsp;(5.5.2013)&hellip; <a class=\"more-link\" href=\"https:\/\/poikoset.hobby-site.org\/?page_id=27\">Jatka lukemista <span class=\"screen-reader-text\">Sukutietoa<\/span><\/a><\/p>\n","protected":false},"author":1,"featured_media":0,"parent":0,"menu_order":0,"comment_status":"closed","ping_status":"closed","template":"","meta":{"footnotes":""},"class_list":["post-27","page","type-page","status-publish","hentry","entry"],"_links":{"self":[{"href":"https:\/\/poikoset.hobby-site.org\/index.php?rest_route=\/wp\/v2\/pages\/27","targetHints":{"allow":["GET"]}}],"collection":[{"href":"https:\/\/poikoset.hobby-site.org\/index.php?rest_route=\/wp\/v2\/pages"}],"about":[{"href":"https:\/\/poikoset.hobby-site.org\/index.php?rest_route=\/wp\/v2\/types\/page"}],"author":[{"embeddable":true,"href":"https:\/\/poikoset.hobby-site.org\/index.php?rest_route=\/wp\/v2\/users\/1"}],"replies":[{"embeddable":true,"href":"https:\/\/poikoset.hobby-site.org\/index.php?rest_route=%2Fwp%2Fv2%2Fcomments&post=27"}],"version-history":[{"count":1,"href":"https:\/\/poikoset.hobby-site.org\/index.php?rest_route=\/wp\/v2\/pages\/27\/revisions"}],"predecessor-version":[{"id":108,"href":"https:\/\/poikoset.hobby-site.org\/index.php?rest_route=\/wp\/v2\/pages\/27\/revisions\/108"}],"wp:attachment":[{"href":"https:\/\/poikoset.hobby-site.org\/index.php?rest_route=%2Fwp%2Fv2%2Fmedia&parent=27"}],"curies":[{"name":"wp","href":"https:\/\/api.w.org\/{rel}","templated":true}]}}